{"id":167,"date":"2015-06-30T07:56:36","date_gmt":"2015-06-30T05:56:36","guid":{"rendered":"https:\/\/gdd-it.de\/gddit\/?page_id=167"},"modified":"2015-08-27T11:22:24","modified_gmt":"2015-08-27T09:22:24","slug":"wildmonitoring","status":"publish","type":"page","link":"https:\/\/gdd-it.de\/gddit\/wildmonitoring\/","title":{"rendered":"Wildmonitoring"},"content":{"rendered":"<h3><\/h3>\n<h3><a href=\"https:\/\/gdd-it.de\/gddit\/wp-content\/uploads\/2015\/07\/wildmonitoring_reh.png\"><img loading=\"lazy\" decoding=\"async\" class=\"aligncenter size-full wp-image-294\" src=\"https:\/\/gdd-it.de\/gddit\/wp-content\/uploads\/2015\/07\/wildmonitoring_reh.png\" alt=\"wildmonitoring_reh\" width=\"1000\" height=\"395\" srcset=\"https:\/\/gdd-it.de\/gddit\/wp-content\/uploads\/2015\/07\/wildmonitoring_reh.png 1000w, https:\/\/gdd-it.de\/gddit\/wp-content\/uploads\/2015\/07\/wildmonitoring_reh-300x119.png 300w\" sizes=\"auto, (max-width: 1000px) 100vw, 1000px\" \/><\/a>Web-Portal: Wildmonitoring<\/h3>\n<p>Die web-basierte Portall\u00f6sung Wildmonitoring dient der Erfassung und Verwaltung jagdrelevanter Daten und Informationen. Ortsunabh\u00e4ngig und nachhaltig bietet das Portal die M\u00f6glichkeit Plandaten (z.B. Abschussplanung) und Jagdstrecken zu erfassen und zu verwalten.<\/p>\n<p>Weiterhin dient es dazu, im Rahmen des Artenschutzes und f\u00fcr die Hege des Wildes Kenntnisse \u00fcber dessen Vorkommen und Bestand zu gewinnen.<\/p>\n<p>Das Portal Wildmonitoring wird im Freistaat Sachsen seit 2013 fl\u00e4chendeckend eingesetzt. Entsprechend der Jagdgesetzgebung wirken die Jagdaus\u00fcbungsberechtigten im Freistaat Sachsen bei der systematischen Erfassung, Beobachtung und \u00dcberwachung bestimmter Wildarten mit.<\/p>\n<p>Wollen Sie als Jagdaus\u00fcbungsberechtigter im Freistaat Sachsen die Funktionen des s\u00e4chsische Wildmonitorings nutzen, so wenden Sie sich bitte an die f\u00fcr Ihren Jagdbezirk zust\u00e4ndige untere Jagdbeh\u00f6rde beim Landkreis bzw. kreisfreien Stadt oder an die obere Jagdbeh\u00f6rde beim Staatsbetrieb Sachsenforst.<\/p>\n<p>Haben Sie Interesse das Portal Wildmonitoring ausserhalb des Freistaates Sachsen oder beispielsweise f\u00fcr die Pr\u00e4senzerfassung besonderer Arten einzusetzen?<\/p>\n<p>Sprechen Sie uns an! Wir erm\u00f6glichen Ihnen individuelle Anpassungen entsprechend Ihren Anforderungen.<\/p>\n","protected":false},"excerpt":{"rendered":"<p>Wildmonitoring dient in der Hauptsache dazu, im Rahmen des Artenschutzes und f\u00fcr die Hege des Wildes Kenntnisse \u00fcber dessen Vorkommen und Bestand zu gewinnen.<\/p>\n","protected":false},"author":1,"featured_media":335,"parent":0,"menu_order":0,"comment_status":"closed","ping_status":"closed","template":"","meta":{"footnotes":""},"class_list":["post-167","page","type-page","status-publish","has-post-thumbnail","hentry"],"_links":{"self":[{"href":"https:\/\/gdd-it.de\/gddit\/wp-json\/wp\/v2\/pages\/167","targetHints":{"allow":["GET"]}}],"collection":[{"href":"https:\/\/gdd-it.de\/gddit\/wp-json\/wp\/v2\/pages"}],"about":[{"href":"https:\/\/gdd-it.de\/gddit\/wp-json\/wp\/v2\/types\/page"}],"author":[{"embeddable":true,"href":"https:\/\/gdd-it.de\/gddit\/wp-json\/wp\/v2\/users\/1"}],"replies":[{"embeddable":true,"href":"https:\/\/gdd-it.de\/gddit\/wp-json\/wp\/v2\/comments?post=167"}],"version-history":[{"count":11,"href":"https:\/\/gdd-it.de\/gddit\/wp-json\/wp\/v2\/pages\/167\/revisions"}],"predecessor-version":[{"id":307,"href":"https:\/\/gdd-it.de\/gddit\/wp-json\/wp\/v2\/pages\/167\/revisions\/307"}],"wp:featuredmedia":[{"embeddable":true,"href":"https:\/\/gdd-it.de\/gddit\/wp-json\/wp\/v2\/media\/335"}],"wp:attachment":[{"href":"https:\/\/gdd-it.de\/gddit\/wp-json\/wp\/v2\/media?parent=167"}],"curies":[{"name":"wp","href":"https:\/\/api.w.org\/{rel}","templated":true}]}}