{"id":197,"date":"2015-07-08T07:46:53","date_gmt":"2015-07-08T05:46:53","guid":{"rendered":"https:\/\/gdd-it.de\/gddit\/?page_id=197"},"modified":"2015-08-25T19:33:20","modified_gmt":"2015-08-25T17:33:20","slug":"unternehmen","status":"publish","type":"page","link":"https:\/\/gdd-it.de\/gddit\/unternehmen\/","title":{"rendered":"Unternehmen"},"content":{"rendered":"<div id=\"content\">\n<div class=\"post\">\n<h1><\/h1>\n<h1>Die GDD-IT GmbH<\/h1>\n<h1>Wer sind Wir?<\/h1>\n<div class=\"entry\">\n<p>Wir sind ein IT-Dienstleistungsunternehmen mit dem Schwerpunkt funktionale Portale und L\u00f6sungen mit Raumbezug. Unsere St\u00e4rken liegen dabei in der Entwicklung von Produkten auf Basis neuer Technologien. Aktuell bieten wir\u00a0 Alleinstellungsmerkmale mit dem Produkt PolterMAX 3D und der PKW-gest\u00fctzen Hyperspektraldatenerfassung. Wir sind ein aktiver und interessierter Partner von Forschung &amp; Entwicklung!<\/p>\n<\/div>\n<h1>Woher kommen Wir?<\/h1>\n<div class=\"entry\">\n<p>Wir kommen aus der Gro\u00dfen Kreisstadt Grimma, im Landkreis Leipzig. Unser Hauptaktionsradius ist in den Bundesl\u00e4ndern Sachsen, Sachsen-Anhalt, Brandenburg und Th\u00fcringen.<\/p>\n<\/div>\n<h1>Was machen Wir?<\/h1>\n<div class=\"entry\">\n<p>Unsere Leistung besteht in der Realisierung individueller Software und Anpassung bereits vorhandener Programme. Die Erstellung von Integrationsl\u00f6sungen und Workflows geh\u00f6rt dabei zu unseren allgemeinen Aufgaben, wie die Datenkonvertierung und die Systemintegration.<br \/>\nSie profitieren von unserer weitreichenden Erfahrung mit Geodaten und Geodatendiensten.<\/p>\n<p><b>Wir<\/b> verstehen uns als IT-Fachpartner unserer Kunden.<\/p>\n<p><b>Wir<\/b> setzen Ihre Anforderungen kooperativ um.<\/p>\n<p><b>Wir<\/b> arbeiten mit klassischen Konzepten und innovativen L\u00f6sungen.<\/p>\n<p><b>Wir<\/b> sind pro-aktiv und bilden uns regelm\u00e4\u00dfig fort.<\/p>\n<p><b>Wir<\/b> sind ein innovativer Entwicklungspartner.<\/p>\n<p><b>Wir<\/b> setzen Ihre Ideen und Arbeitsabl\u00e4ufe in intelligente L\u00f6sungen um.<\/p>\n<\/div>\n<\/div>\n<\/div>\n","protected":false},"excerpt":{"rendered":"<p>Die GDD-IT GmbH Wer sind Wir? Wir sind ein IT-Dienstleistungsunternehmen mit dem Schwerpunkt funktionale Portale und L\u00f6sungen mit Raumbezug. Unsere St\u00e4rken liegen dabei in der Entwicklung von Produkten auf Basis neuer Technologien. Aktuell bieten wir\u00a0 Alleinstellungsmerkmale mit dem Produkt PolterMAX<\/p>\n","protected":false},"author":1,"featured_media":0,"parent":0,"menu_order":0,"comment_status":"closed","ping_status":"closed","template":"","meta":{"footnotes":""},"class_list":["post-197","page","type-page","status-publish","hentry"],"_links":{"self":[{"href":"https:\/\/gdd-it.de\/gddit\/wp-json\/wp\/v2\/pages\/197","targetHints":{"allow":["GET"]}}],"collection":[{"href":"https:\/\/gdd-it.de\/gddit\/wp-json\/wp\/v2\/pages"}],"about":[{"href":"https:\/\/gdd-it.de\/gddit\/wp-json\/wp\/v2\/types\/page"}],"author":[{"embeddable":true,"href":"https:\/\/gdd-it.de\/gddit\/wp-json\/wp\/v2\/users\/1"}],"replies":[{"embeddable":true,"href":"https:\/\/gdd-it.de\/gddit\/wp-json\/wp\/v2\/comments?post=197"}],"version-history":[{"count":10,"href":"https:\/\/gdd-it.de\/gddit\/wp-json\/wp\/v2\/pages\/197\/revisions"}],"predecessor-version":[{"id":333,"href":"https:\/\/gdd-it.de\/gddit\/wp-json\/wp\/v2\/pages\/197\/revisions\/333"}],"wp:attachment":[{"href":"https:\/\/gdd-it.de\/gddit\/wp-json\/wp\/v2\/media?parent=197"}],"curies":[{"name":"wp","href":"https:\/\/api.w.org\/{rel}","templated":true}]}}