{"id":33,"date":"2015-05-08T09:30:06","date_gmt":"2015-05-08T07:30:06","guid":{"rendered":"https:\/\/gdd-it.de\/gddit\/?page_id=33"},"modified":"2015-08-25T19:27:02","modified_gmt":"2015-08-25T17:27:02","slug":"geovideoexplorer","status":"publish","type":"page","link":"https:\/\/gdd-it.de\/gddit\/produkte\/geovideoexplorer\/","title":{"rendered":"GeoVideoExplorer"},"content":{"rendered":"<div>\n<h1><a href=\"http:\/\/geovideoexplorer.de\" target=\"_blank\"><img loading=\"lazy\" decoding=\"async\" class=\"aligncenter wp-image-180 size-full\" src=\"https:\/\/gdd-it.de\/gddit\/wp-content\/uploads\/2015\/06\/GeoVideoExplorer2-e1435646569352.png\" alt=\"GeoVideoExplorer\" width=\"1000\" height=\"500\" srcset=\"https:\/\/gdd-it.de\/gddit\/wp-content\/uploads\/2015\/06\/GeoVideoExplorer2-e1435646569352.png 1000w, https:\/\/gdd-it.de\/gddit\/wp-content\/uploads\/2015\/06\/GeoVideoExplorer2-e1435646569352-300x150.png 300w\" sizes=\"auto, (max-width: 1000px) 100vw, 1000px\" \/><\/a><\/h1>\n<h1>Was ist der GeoVideoExplorer?<\/h1>\n<\/div>\n<div>\n<div id=\"left_h\">Der GeoVideoExplorer erlaubt die Erzeugung und Pr\u00e4sentation geografisch referenzierter Videos (<a href=\"http:\/\/geovideos.de\" target=\"_blank\">GeoVideos<\/a>).<\/div>\n<div>Mit Hilfe des GeoVideoExplorers und der aufgezeichneten <a href=\"http:\/\/geovideos.de\" target=\"_blank\">GeoVideos<\/a> k\u00f6nnen Objekte entlang der Fahrtstrecke genau identifiziert und erfasst werden.<\/div>\n<p>Der GeoVideoExplorer wurde insbesondere f\u00fcr die Stra\u00dfenzustandserfassung konzipiert. Der hier f\u00fcr ambitionierte Privatanwender aus dem Umfeld von GPS und Video kostenlos bereitgestelle Service der <a href=\"https:\/\/www.gdd-it.de\" target=\"_blank\">GDD-IT GmbH<\/a> stellt Grundfunktionalit\u00e4ten bereit und erlaubt die Produktion und Pr\u00e4sentation von <a href=\"http:\/\/www.geovideoexplorer.de\/gve\/\" target=\"_blank\">GeoVideos<\/a>.<\/p>\n<div><\/div>\n<div>Georeferezieren Sie mit Hilfe des GeoVideoExplorers Ihre Videos zu <a href=\"http:\/\/geovideos.de\" target=\"_blank\">GeoVideos<\/a> und zeigen Sie Ihre Videos und die Aufnahmeposition auf der Karte.<\/div>\n<\/div>\n<p>Weitere Informationen erhalten Sie auf:<\/p>\n<p><a href=\"http:\/\/www.geovideoexplorer.de\" target=\"_blank\">www.geovideoexplorer.de<\/a><\/p>\n<p>&nbsp;<\/p>\n","protected":false},"excerpt":{"rendered":"<p>Der GeoVideoExplorer erlaubt die Erzeugung und Pr\u00e4sentation geografisch referenzierter Videos. Mit Hilfe des GeoVideoExplorers und der aufgezeichneten GeoVideos k\u00f6nnen Objekte entlang der Fahrtstrecke genau identifiziert und erfasst werden. <\/p>\n","protected":false},"author":1,"featured_media":76,"parent":6,"menu_order":5,"comment_status":"closed","ping_status":"closed","template":"","meta":{"footnotes":""},"class_list":["post-33","page","type-page","status-publish","has-post-thumbnail","hentry"],"_links":{"self":[{"href":"https:\/\/gdd-it.de\/gddit\/wp-json\/wp\/v2\/pages\/33","targetHints":{"allow":["GET"]}}],"collection":[{"href":"https:\/\/gdd-it.de\/gddit\/wp-json\/wp\/v2\/pages"}],"about":[{"href":"https:\/\/gdd-it.de\/gddit\/wp-json\/wp\/v2\/types\/page"}],"author":[{"embeddable":true,"href":"https:\/\/gdd-it.de\/gddit\/wp-json\/wp\/v2\/users\/1"}],"replies":[{"embeddable":true,"href":"https:\/\/gdd-it.de\/gddit\/wp-json\/wp\/v2\/comments?post=33"}],"version-history":[{"count":13,"href":"https:\/\/gdd-it.de\/gddit\/wp-json\/wp\/v2\/pages\/33\/revisions"}],"predecessor-version":[{"id":332,"href":"https:\/\/gdd-it.de\/gddit\/wp-json\/wp\/v2\/pages\/33\/revisions\/332"}],"up":[{"embeddable":true,"href":"https:\/\/gdd-it.de\/gddit\/wp-json\/wp\/v2\/pages\/6"}],"wp:featuredmedia":[{"embeddable":true,"href":"https:\/\/gdd-it.de\/gddit\/wp-json\/wp\/v2\/media\/76"}],"wp:attachment":[{"href":"https:\/\/gdd-it.de\/gddit\/wp-json\/wp\/v2\/media?parent=33"}],"curies":[{"name":"wp","href":"https:\/\/api.w.org\/{rel}","templated":true}]}}