{"id":35,"date":"2015-05-08T09:32:39","date_gmt":"2015-05-08T07:32:39","guid":{"rendered":"https:\/\/gdd-it.de\/gddit\/?page_id=35"},"modified":"2017-06-28T11:49:29","modified_gmt":"2017-06-28T09:49:29","slug":"impressum","status":"publish","type":"page","link":"https:\/\/gdd-it.de\/gddit\/impressum\/","title":{"rendered":"Impressum"},"content":{"rendered":"<div id=\"content\">\n<div id=\"sidebar2\" class=\"sidebar\">\n<h2>Impressum<\/h2>\n<ul>\n<li>GDD-IT GmbH<br \/>\nAm Sportplatz 10<br \/>\nD-04668 Grimma<\/li>\n<li>Registergericht: Amtsgericht Leipzig<br \/>\nRegisternummer: HRB 22126<br \/>\nUST-ID-Nr.: DE246100087<\/li>\n<li><b>Gesch\u00e4ftsf\u00fchrer: Dipl.-Ing. Michael Gessel<\/b><br \/>\nTel.: +49 (0)3437 910022<br \/>\nE-Mail: post@gdd-it.de<\/li>\n<li>Auf diesen Internetseiten vorkommende, bestehende oder zuk\u00fcnftige Markennamen sind das Eigentum der jeweiligen Markeninhaber.<br \/>\nGDD-IT GmbH \u00fcbernimmt keinerlei Garantie f\u00fcr die Richtigkeit der Inhalte.<br \/>\nIm Falle von Streitigkeiten bzw. Abmahnungen gegen geltendes Wettbewerbsrecht bzw. Fernabsatzgesetz bitten wir Sie, zur Vermeidung unn\u00f6tiger Rechtsstreite und Kosten, uns bereits im Vorfeld zu kontaktieren.<br \/>\nDie Kostennote einer anwaltlichen Abmahnung ohne vorhergehende Kontaktaufnahme wird im Sinne der Schadensminderungspflicht als unbegr\u00fcndet zur\u00fcckgewiesen. Bei unberechtigten Abmahnung bzw. Unterlassungserkl\u00e4rung wird eine negative Feststellungsklage eingereicht.<\/li>\n<li>Copyright \u00a9 GDD-IT GmbH 2017. Alle Rechte vorbehalten.<\/li>\n<\/ul>\n<\/div>\n<\/div>\n","protected":false},"excerpt":{"rendered":"<p>Impressum GDD-IT GmbH Am Sportplatz 10 D-04668 Grimma Registergericht: Amtsgericht Leipzig Registernummer: HRB 22126 UST-ID-Nr.: DE246100087 Gesch\u00e4ftsf\u00fchrer: Dipl.-Ing. Michael Gessel Tel.: +49 (0)3437 910022 E-Mail: post@gdd-it.de Auf diesen Internetseiten vorkommende, bestehende oder zuk\u00fcnftige Markennamen sind das Eigentum der jeweiligen Markeninhaber.<\/p>\n","protected":false},"author":1,"featured_media":0,"parent":0,"menu_order":0,"comment_status":"closed","ping_status":"closed","template":"","meta":{"footnotes":""},"class_list":["post-35","page","type-page","status-publish","hentry"],"_links":{"self":[{"href":"https:\/\/gdd-it.de\/gddit\/wp-json\/wp\/v2\/pages\/35","targetHints":{"allow":["GET"]}}],"collection":[{"href":"https:\/\/gdd-it.de\/gddit\/wp-json\/wp\/v2\/pages"}],"about":[{"href":"https:\/\/gdd-it.de\/gddit\/wp-json\/wp\/v2\/types\/page"}],"author":[{"embeddable":true,"href":"https:\/\/gdd-it.de\/gddit\/wp-json\/wp\/v2\/users\/1"}],"replies":[{"embeddable":true,"href":"https:\/\/gdd-it.de\/gddit\/wp-json\/wp\/v2\/comments?post=35"}],"version-history":[{"count":9,"href":"https:\/\/gdd-it.de\/gddit\/wp-json\/wp\/v2\/pages\/35\/revisions"}],"predecessor-version":[{"id":347,"href":"https:\/\/gdd-it.de\/gddit\/wp-json\/wp\/v2\/pages\/35\/revisions\/347"}],"wp:attachment":[{"href":"https:\/\/gdd-it.de\/gddit\/wp-json\/wp\/v2\/media?parent=35"}],"curies":[{"name":"wp","href":"https:\/\/api.w.org\/{rel}","templated":true}]}}