{"id":49,"date":"2015-05-08T11:30:58","date_gmt":"2015-05-08T09:30:58","guid":{"rendered":"https:\/\/gdd-it.de\/gddit\/?page_id=49"},"modified":"2015-08-24T16:54:57","modified_gmt":"2015-08-24T14:54:57","slug":"entwicklung","status":"publish","type":"page","link":"https:\/\/gdd-it.de\/gddit\/entwicklung\/","title":{"rendered":"Funktionale Portale &#8211; Geoportale"},"content":{"rendered":"<p>Wir entwickeln funktionale web-basierte Portale zur Unterst\u00fctzung Ihrer Arbeitsabl\u00e4ufe.<\/p>\n<p>Die Anpassung von Prozessen und Abl\u00e4ufen in Verwaltung und Industrie ist ein st\u00e4ndiges Erfordernis unserer Zeit um effektiv und wirtschaftlich zu sein. Unsere individuellen Portall\u00f6sungen sind das Mittel um Ihre Anwendungen, Prozesse und Dienste individuell abzubilden und Ihren Kunden und Mitarbeitern ein gutes Kommunikations- und Arbeitsmittel an die Hand zu geben.<\/p>\n<p>Ob in der Verwaltung oder der Industrie &#8211; wir schauen uns Ihre Arbeitsabl\u00e4ufe genau an und bilden sie elektronisch im Portal ab, so individuell wie Sie sie mit Ihrem Know-How gestaltet haben.<\/p>\n<p>Unser besonderes Know-How liegt in der Abbildung von Verwaltungsabl\u00e4ufen. Wir finden auch f\u00fcr Sie innovative L\u00f6sungsans\u00e4tze. Wir machen Ihre eigenen Daten schneller und besser nutzbar und verkn\u00fcpfen Sie mit weiteren Daten (z.B. \u00f6ffentlich zug\u00e4nglichen Geodaten) f\u00fcr Ihren individuellen Workflows. Insbesondere\u00a0 durch die in immer gr\u00f6\u00dferen Umfang zug\u00e4nglichen Geodaten lassen\u00a0 sich viele neue und effektive Portall\u00f6sungen schaffen.<\/p>\n<p>&nbsp;<\/p>\n<p><em>\u00a0<\/em><\/p>\n<p><a href=\"http:\/\/www.schachtschein.de\" target=\"_blank\">Schachtscheinportal<\/a><\/p>\n<p><a href=\"http:\/\/geovideoexplorer.de\" target=\"_blank\">GeoVideoExplorer<\/a><\/p>\n<p><em><a href=\"www.wildmonitoring.de\" target=\"_blank\">Wildmonitoring<\/a><\/em><\/p>\n<p>&nbsp;<\/p>\n<p>&nbsp;<\/p>\n","protected":false},"excerpt":{"rendered":"<p>Individuelle Portall\u00f6sungen sind in vielen Bereichen das Mittel der Wahl, wenn es darum geht die Effizienz noch weiter zu steigern, die Kundenkontakte zu optimieren und die Zusammenarbeit der Mitarbeiter und die Arbeitsmittel optimal zu organisieren.<br \/>\nUnser besonderes Know-How liegt in der Abbildung von Verwaltungsabl\u00e4ufen. Wir finden auch f\u00fcr Sie innovative L\u00f6sungsans\u00e4tze. Wir machen Ihre eigenen Daten schneller und besser nutzbar und verkn\u00fcpfen Sie mit weiteren Daten (z.B. \u00f6ffentlich zug\u00e4nglichen Geodaten) f\u00fcr Ihren individuellen Workflows.<\/p>\n","protected":false},"author":1,"featured_media":240,"parent":0,"menu_order":0,"comment_status":"closed","ping_status":"closed","template":"","meta":{"footnotes":""},"class_list":["post-49","page","type-page","status-publish","has-post-thumbnail","hentry"],"_links":{"self":[{"href":"https:\/\/gdd-it.de\/gddit\/wp-json\/wp\/v2\/pages\/49","targetHints":{"allow":["GET"]}}],"collection":[{"href":"https:\/\/gdd-it.de\/gddit\/wp-json\/wp\/v2\/pages"}],"about":[{"href":"https:\/\/gdd-it.de\/gddit\/wp-json\/wp\/v2\/types\/page"}],"author":[{"embeddable":true,"href":"https:\/\/gdd-it.de\/gddit\/wp-json\/wp\/v2\/users\/1"}],"replies":[{"embeddable":true,"href":"https:\/\/gdd-it.de\/gddit\/wp-json\/wp\/v2\/comments?post=49"}],"version-history":[{"count":12,"href":"https:\/\/gdd-it.de\/gddit\/wp-json\/wp\/v2\/pages\/49\/revisions"}],"predecessor-version":[{"id":318,"href":"https:\/\/gdd-it.de\/gddit\/wp-json\/wp\/v2\/pages\/49\/revisions\/318"}],"wp:featuredmedia":[{"embeddable":true,"href":"https:\/\/gdd-it.de\/gddit\/wp-json\/wp\/v2\/media\/240"}],"wp:attachment":[{"href":"https:\/\/gdd-it.de\/gddit\/wp-json\/wp\/v2\/media?parent=49"}],"curies":[{"name":"wp","href":"https:\/\/api.w.org\/{rel}","templated":true}]}}