{"id":51,"date":"2015-05-08T11:31:33","date_gmt":"2015-05-08T09:31:33","guid":{"rendered":"https:\/\/gdd-it.de\/gddit\/?page_id=51"},"modified":"2015-08-25T15:37:44","modified_gmt":"2015-08-25T13:37:44","slug":"konzeption","status":"publish","type":"page","link":"https:\/\/gdd-it.de\/gddit\/konzeption\/","title":{"rendered":"Individualsoftware"},"content":{"rendered":"<p><strong>Ma\u00dfgeschneiderte Softwarel\u00f6sungen f\u00fcr Ihre Anforderungen.<\/strong><\/p>\n<p>Haben Sie sich nicht schon \u00f6fters gew\u00fcnscht, dass Ihre Standardsoftware diese oder jene Funktionalit\u00e4t besitzen m\u00fcsste, damit Sie noch effektiver arbeiten k\u00f6nnten? Standardsoftware ist jedoch darauf ausgerichtet einer Vielzahl von Anwendern gerecht zu werden, so dass Ihre<strong> individuellen Arbeitsabl\u00e4ufe (Workflows)<\/strong> nur generalisiert oder garnicht abgebildet werden. <strong>Individuelle Softwarel\u00f6sungen<\/strong> sind deshalb in vielen Bereichen das Mittel der Wahl, wenn es darum geht die Effizienz noch weiter zu steigern und die Zusammenarbeit der Mitarbeiter und die Arbeitsmittel optimal zu organisieren.<\/p>\n<p>Wir analysieren <strong>Ihre Anforderungen<\/strong> und finden <strong>innovative L\u00f6sungen<\/strong> f\u00fcr Ihre individuelle Software.<\/p>\n<p>Wir liefern Ihnen eine auf Ihre Bed\u00fcrfnisse <strong>angepasste Softwarel\u00f6sung<\/strong> und begleiten Sie von der Planung bis zur Implementierung, sowohl f\u00fcr das Web, den Desktop als auch den mobilen Markt.<\/p>\n<p>Hier bieten wir <strong>fundierte Projekterfahrung<\/strong> im Bereich Programmierung, Softwareentwicklung mit GIS Funktionalit\u00e4ten und Workflows f\u00fcr digitale Bildverarbeitung (z.B. Objekterkennung).<\/p>\n<p>&nbsp;<\/p>\n<p><em><a href=\"http:\/\/www.poltermax.com\">PolterMax<\/a><\/em><\/p>\n<p>&nbsp;<\/p>\n","protected":false},"excerpt":{"rendered":"<p>Haben Sie sich nicht schon \u00f6fters gew\u00fcnscht, dass Ihre Standardsoftware diese oder jene Funktionalit\u00e4t besitzen m\u00fcsste, damit Sie noch effektiver arbeiten k\u00f6nnten? Standardsoftware ist jedoch darauf ausgerichtet einer Vielzahl von Anwendern gerecht zu werden, so dass Ihre individuellen Arbeitsabl\u00e4ufe (Workflows) nur generalisiert oder garnicht abgebildet werden. Individuelle Softwarel\u00f6sungen sind deshalb in vielen Bereichen das Mittel der Wahl, wenn es darum geht die Effizienz noch weiter zu steigern und die Zusammenarbeit der Mitarbeiter und die Arbeitsmittel optimal zu organisieren.<\/p>\n","protected":false},"author":1,"featured_media":242,"parent":0,"menu_order":0,"comment_status":"closed","ping_status":"closed","template":"","meta":{"footnotes":""},"class_list":["post-51","page","type-page","status-publish","has-post-thumbnail","hentry"],"_links":{"self":[{"href":"https:\/\/gdd-it.de\/gddit\/wp-json\/wp\/v2\/pages\/51","targetHints":{"allow":["GET"]}}],"collection":[{"href":"https:\/\/gdd-it.de\/gddit\/wp-json\/wp\/v2\/pages"}],"about":[{"href":"https:\/\/gdd-it.de\/gddit\/wp-json\/wp\/v2\/types\/page"}],"author":[{"embeddable":true,"href":"https:\/\/gdd-it.de\/gddit\/wp-json\/wp\/v2\/users\/1"}],"replies":[{"embeddable":true,"href":"https:\/\/gdd-it.de\/gddit\/wp-json\/wp\/v2\/comments?post=51"}],"version-history":[{"count":10,"href":"https:\/\/gdd-it.de\/gddit\/wp-json\/wp\/v2\/pages\/51\/revisions"}],"predecessor-version":[{"id":331,"href":"https:\/\/gdd-it.de\/gddit\/wp-json\/wp\/v2\/pages\/51\/revisions\/331"}],"wp:featuredmedia":[{"embeddable":true,"href":"https:\/\/gdd-it.de\/gddit\/wp-json\/wp\/v2\/media\/242"}],"wp:attachment":[{"href":"https:\/\/gdd-it.de\/gddit\/wp-json\/wp\/v2\/media?parent=51"}],"curies":[{"name":"wp","href":"https:\/\/api.w.org\/{rel}","templated":true}]}}