{"id":53,"date":"2015-05-08T11:33:36","date_gmt":"2015-05-08T09:33:36","guid":{"rendered":"https:\/\/gdd-it.de\/gddit\/?page_id=53"},"modified":"2015-08-25T15:33:34","modified_gmt":"2015-08-25T13:33:34","slug":"hosting","status":"publish","type":"page","link":"https:\/\/gdd-it.de\/gddit\/hosting\/","title":{"rendered":"Hosting"},"content":{"rendered":"<p class=\"sidebar\"><a href=\"https:\/\/gdd-it.de\/gddit\/wp-content\/uploads\/2015\/05\/hosting.png\" target=\"_blank\"><img loading=\"lazy\" decoding=\"async\" class=\"alignleft wp-image-264\" src=\"https:\/\/gdd-it.de\/gddit\/wp-content\/uploads\/2015\/05\/hosting.png\" alt=\"hosting\" width=\"323\" height=\"245\" srcset=\"https:\/\/gdd-it.de\/gddit\/wp-content\/uploads\/2015\/05\/hosting.png 1001w, https:\/\/gdd-it.de\/gddit\/wp-content\/uploads\/2015\/05\/hosting-300x228.png 300w\" sizes=\"auto, (max-width: 323px) 100vw, 323px\" \/><\/a>Die Bereitststellung und die Pflege von Internetseiten ist ein wichtiger Bereich.<\/p>\n<p class=\"sidebar\">Gerade das Thema der Aktualit\u00e4t und \u00dcbersichtlichkeit ist f\u00fcr Firmen und Kommunen ein wichtiger Aspekt.<\/p>\n<p class=\"sidebar\">Egal ob Website, Webshop oder Unternehmensanwendung &#8211; wir erstellen f\u00fcr Sie eine ansprechende und dynamische Webpr\u00e4senz und \u00fcbernehmen f\u00fcr Sie den Betrieb, Aktualisierung und Wartung.<\/p>\n<p class=\"sidebar\">Wir bieten den allumfassenden Hosting-Service mit Leistung, Zuverl\u00e4ssigkeit und hohen Sicherheitsstandarts.<\/p>\n<p>&nbsp;<\/p>\n<p>&nbsp;<\/p>\n","protected":false},"excerpt":{"rendered":"<p>Die Bereitststellung und die Pflege von Internetseiten ist ein wichtiger Bereich.<\/p>\n<p>Gerade das Thema der Aktualit\u00e4t und \u00dcbersichtlichkeit ist f\u00fcr Firmen und Kommunen ein wichtiger Aspekt.<\/p>\n<p>Egal ob Website, Webshop oder Unternehmensanwendung &#8211; wir erstellen f\u00fcr Sie eine ansprechende und dynamische Webpr\u00e4senz und \u00fcbernehmen f\u00fcr Sie den Betrieb, Aktualisierung und Wartung.<\/p>\n<p>Wir bieten den allumfassenden Hosting-Service mit Leistung, Zuverl\u00e4ssigkeit und hohen Sicherheitsstandarts.<\/p>\n","protected":false},"author":1,"featured_media":241,"parent":0,"menu_order":0,"comment_status":"closed","ping_status":"closed","template":"","meta":{"footnotes":""},"class_list":["post-53","page","type-page","status-publish","has-post-thumbnail","hentry"],"_links":{"self":[{"href":"https:\/\/gdd-it.de\/gddit\/wp-json\/wp\/v2\/pages\/53","targetHints":{"allow":["GET"]}}],"collection":[{"href":"https:\/\/gdd-it.de\/gddit\/wp-json\/wp\/v2\/pages"}],"about":[{"href":"https:\/\/gdd-it.de\/gddit\/wp-json\/wp\/v2\/types\/page"}],"author":[{"embeddable":true,"href":"https:\/\/gdd-it.de\/gddit\/wp-json\/wp\/v2\/users\/1"}],"replies":[{"embeddable":true,"href":"https:\/\/gdd-it.de\/gddit\/wp-json\/wp\/v2\/comments?post=53"}],"version-history":[{"count":12,"href":"https:\/\/gdd-it.de\/gddit\/wp-json\/wp\/v2\/pages\/53\/revisions"}],"predecessor-version":[{"id":329,"href":"https:\/\/gdd-it.de\/gddit\/wp-json\/wp\/v2\/pages\/53\/revisions\/329"}],"wp:featuredmedia":[{"embeddable":true,"href":"https:\/\/gdd-it.de\/gddit\/wp-json\/wp\/v2\/media\/241"}],"wp:attachment":[{"href":"https:\/\/gdd-it.de\/gddit\/wp-json\/wp\/v2\/media?parent=53"}],"curies":[{"name":"wp","href":"https:\/\/api.w.org\/{rel}","templated":true}]}}