{"id":81,"date":"2015-05-11T11:46:06","date_gmt":"2015-05-11T09:46:06","guid":{"rendered":"https:\/\/gdd-it.de\/gddit\/?page_id=81"},"modified":"2015-08-19T11:53:43","modified_gmt":"2015-08-19T09:53:43","slug":"schachtschein","status":"publish","type":"page","link":"https:\/\/gdd-it.de\/gddit\/produkte\/schachtschein\/","title":{"rendered":"Dienstleistungsportal: Schachtscheine &#038; Leitungsausk\u00fcnfte"},"content":{"rendered":"<div>\n<h1><a href=\"https:\/\/gdd-it.de\/gddit\/wp-content\/uploads\/2015\/06\/Schachtscheinportal2.png\"><img loading=\"lazy\" decoding=\"async\" class=\"aligncenter size-full wp-image-182\" src=\"https:\/\/gdd-it.de\/gddit\/wp-content\/uploads\/2015\/06\/Schachtscheinportal2.png\" alt=\"Schachtscheinportal2\" width=\"850\" height=\"358\" srcset=\"https:\/\/gdd-it.de\/gddit\/wp-content\/uploads\/2015\/06\/Schachtscheinportal2.png 850w, https:\/\/gdd-it.de\/gddit\/wp-content\/uploads\/2015\/06\/Schachtscheinportal2-300x126.png 300w\" sizes=\"auto, (max-width: 850px) 100vw, 850px\" \/><\/a><\/h1>\n<h1>Dienstleistungsportal zur Beantragung<br \/>\nvon Schachtscheinen \/ Erlaubnisscheinen<\/h1>\n<\/div>\n<div>\n<p id=\"left_h\">Um Besch\u00e4digungen zu vermeiden haben sich vor Erdarbeiten Bauunternehmen, aber auch Privatperson zu informieren, ob und in welcher Tiefe Versorgungsleitungen (z.B.: Elektroenergie, Fernw\u00e4rme, Telefon, Gas und Wasser,&#8230;) verlegt sind. Solche Leitungen k\u00f6nnen \u00fcberall vergraben liegen, z.B. in Stra\u00dfen, Wegen, B\u00fcrgersteigen, Wiesen, Feldern, und auch auf privaten Grundst\u00fccken.<\/p>\n<p>Hierzu sind die \u00f6rtlich relevanten Betreiber von Leitungen aller Art anzufragen. Diese wiederum geben Auskunft \u00fcber die Lage Ihrer Leitungen in Form von Schachtscheinen bzw. Erlaubnisscheinen f\u00fcr Erdarbeiten. Oftmals ist die Kontaktaufnahme mit den zust\u00e4ndigen Betreibern m\u00fchsam, da nicht immer bekannt ist, welche Medien welcher Betreiber wo verlegt hat und wie die Zust\u00e4ndigkeiten verteilt sind.<\/p>\n<p>Das von der GDD-IT GmbH entwickelte und angebotene GeoDatenDienst-Portal bietet die M\u00f6glichkeit unkompliziert und zuverl\u00e4ssig verschiedene Schachtscheinanfragen in einem Arbeitsgang via Internet zu beantragen. Nach erfolgter kostenloser Anmeldung im GeoDatenDienst Portal erhalten Sie ein individuelles und kostenloses Angebot zu Ihrem Vorhaben. Erst mit Ihrer ausdr\u00fccklichen Bestellung per E-Mail, Fax oder Post l\u00f6sen Sie den kostenpflichtigen Auftrag aus.<\/p>\n<p>Zum Dienstleistungsportal:<\/p>\n<p><a href=\"http:\/\/www.schachtschein.de\" target=\"_blank\">www.schachtschein.de<\/a><\/p>\n<p><a href=\"http:\/\/www.leitungsausk\u00fcnfte.de\" target=\"_blank\">www.leitungsausk\u00fcnfte.de<\/a><\/p>\n<p>&nbsp;<\/p>\n<\/div>\n","protected":false},"excerpt":{"rendered":"<p>Um Besch\u00e4digungen zu vermeiden haben sich vor Erdarbeiten Bauunternehmen, aber auch Privatperson zu informieren, ob und in welcher Tiefe Versorgungsleitungen (z.B.: Elektroenergie, Fernw\u00e4rme, Telefon, Gas und Wasser,&#8230;) verlegt sind.<\/p>\n","protected":false},"author":1,"featured_media":82,"parent":6,"menu_order":6,"comment_status":"closed","ping_status":"closed","template":"","meta":{"footnotes":""},"class_list":["post-81","page","type-page","status-publish","has-post-thumbnail","hentry"],"_links":{"self":[{"href":"https:\/\/gdd-it.de\/gddit\/wp-json\/wp\/v2\/pages\/81","targetHints":{"allow":["GET"]}}],"collection":[{"href":"https:\/\/gdd-it.de\/gddit\/wp-json\/wp\/v2\/pages"}],"about":[{"href":"https:\/\/gdd-it.de\/gddit\/wp-json\/wp\/v2\/types\/page"}],"author":[{"embeddable":true,"href":"https:\/\/gdd-it.de\/gddit\/wp-json\/wp\/v2\/users\/1"}],"replies":[{"embeddable":true,"href":"https:\/\/gdd-it.de\/gddit\/wp-json\/wp\/v2\/comments?post=81"}],"version-history":[{"count":9,"href":"https:\/\/gdd-it.de\/gddit\/wp-json\/wp\/v2\/pages\/81\/revisions"}],"predecessor-version":[{"id":305,"href":"https:\/\/gdd-it.de\/gddit\/wp-json\/wp\/v2\/pages\/81\/revisions\/305"}],"up":[{"embeddable":true,"href":"https:\/\/gdd-it.de\/gddit\/wp-json\/wp\/v2\/pages\/6"}],"wp:featuredmedia":[{"embeddable":true,"href":"https:\/\/gdd-it.de\/gddit\/wp-json\/wp\/v2\/media\/82"}],"wp:attachment":[{"href":"https:\/\/gdd-it.de\/gddit\/wp-json\/wp\/v2\/media?parent=81"}],"curies":[{"name":"wp","href":"https:\/\/api.w.org\/{rel}","templated":true}]}}